{"id":2610,"date":"2012-10-16T11:08:27","date_gmt":"2012-10-16T11:08:27","guid":{"rendered":"http:\/\/localhost\/christenverfolgung\/verfolgt-und-vergessen-html\/"},"modified":"2025-11-13T14:13:40","modified_gmt":"2025-11-13T13:13:40","slug":"verfolgt-und-vergessen","status":"publish","type":"page","link":"https:\/\/www.kircheinnot.at\/christenverfolgung\/verfolgt-und-vergessen\/","title":{"rendered":"Verfolgt und vergessen"},"content":{"rendered":"<p class=\"has-text-align-left\"><strong><em>&#8222;Sie werden im Glauben gepr\u00fcft, wir werden in der Liebe gepr\u00fcft.&#8220;\u00a0<\/em><\/strong><br \/>Pater Werenfried van Straaten, Gr\u00fcnder von KIRCHE IN NOT<\/p>\n\n<p class=\"has-text-align-left\">Christ sein war noch nie so gef\u00e4hrlich wie heute. Nie zuvor sind so viele Christen diskriminiert, bedroht und verfolgt worden. Rund <strong>220 Millionen Christen <\/strong>sind<strong>\u00a0<\/strong>betroffen und <strong>die Tendenz ist steigend<\/strong>. Christen verschiedener Konfessionen sind zwar nicht die einzige Religionsgruppe, die wegen ihres Glaubens benachteiligt wird; weltweit leiden sie aber am meisten unter religi\u00f6ser Diskriminierung oder Verfolgung.\u00a0<\/p>\n\n<p>Obwohl das Recht auf Religionsfreiheit seit Jahrzehnten als grundlegendes Menschenrecht international anerkannt ist, wird es in der Praxis in zahlreichen Regionen der Erde bis heute auf vielfache Weise missachtet. <strong>In rund 50 Staaten<\/strong> werden Menschen in ihrer Religionsaus\u00fcbung behindert und in etlichen davon kommt es zu schweren Verletzungen der Religionsfreiheit. Betroffen sind L\u00e4nder wie Nordkorea, Saudi- Arabien, Irak, Iran, Pakistan, Eritrea, Sudan, Nigeria, \u00c4gypten, Indien, Laos, Vietnam, China, T\u00fcrkei&#8230;<\/p>\n\n<p>Dieses weit verbreitete Unrecht darf nicht verschwiegen werden, und es muss alles M\u00f6gliche getan werden, um es zu beseitigen. In \u00d6sterreich und anderen westlichen L\u00e4ndern wird viel zu wenig Notiz davon genommen.<\/p>\n\n\n<div style=\"height:17px\" aria-hidden=\"true\" class=\"wp-block-spacer\"><\/div>\n\n\n<h2>Bericht &#8222;Verfolgt und vergessen?&#8220; von KIRCHE IN NOT:<\/h2>\n\n<p>Alle zwei Jahre ver\u00f6ffentlicht KIRCHE IN NOT den Bericht &#8222;Verfolgt und vergessen?&#8220; \u00fcber Christen, die ihres Glaubens wegen unterdr\u00fcckt, bedroht oder verfolgt werden.<\/p>\n\n<h3><span style=\"color: #ff0000;\">Die wichtigsten Ergebnisse aus unserem aktuellen Bericht in den untersuchten L\u00e4ndern:<\/span><\/h3>\n\n<p><strong>In 75 Prozent der untersuchten L\u00e4nder<\/strong> hat die Unterdr\u00fcckung oder Verfolgung von Christen <strong>zugenommen<\/strong>.<\/p>\n\n<blockquote>\n<p><strong>IN AFRIKA<\/strong> hat sich die Lage der Christen in allen untersuchten L\u00e4ndern verschlechtert. Es gibt Hinweise auf einen starken Anstieg der Gewalt militanter nicht staatlicher Akteure, einschlie\u00dflich Dschihadisten.<\/p>\n<\/blockquote>\n<p><strong>IM NAHEN OSTEN<\/strong> hat die anhaltende Migration die Krise versch\u00e4rft, die das \u00dcberleben von drei der \u00e4ltesten und bedeutendsten christlichen Gemeinschaften der Welt im Irak, in Syrien und den Pal\u00e4stinensischen Gebieten bedroht.<\/p>\n\n<blockquote>\n<p><strong>IN ASIEN<\/strong> sind autorit\u00e4re und totalit\u00e4re Regierungsformen die ma\u00dfgebliche Ursache f\u00fcr die zunehmende Unterdr\u00fcckung von Christen in Myanmar, China, Vietnam und anderswo. In den schlimmsten F\u00e4llen wird die Religions- und Gewissensfreiheit im Keim erstickt, wie in Nordkorea.<\/p>\n<\/blockquote>\n<p><span style=\"font-size: revert; color: initial;\">In anderen asiatischen L\u00e4ndern hat religi\u00f6ser Nationalismus zu einer zunehmenden Diskriminierung und Verfolgung von Christen gef\u00fchrt, so unter anderem in Afghanistan, Indien und Pakistan.<\/span><\/p>\n<p>Unseren Bericht &#8222;Verfolgt und vergessen?&#8220; <span style=\"color: #3366ff;\"><a style=\"color: #3366ff;\" href=\"https:\/\/www.kircheinnot.at\/shop\/verfolgt-und-vergessen-ein-bericht-ueber-christen-die-ihres-glaubens-wegen-unterdrueckt-werden\/\">&#8230; bestellen<\/a><\/span><\/p>\n<p>\u00a0<\/p>\n\n\n\n\n<div style=\"height:17px\" aria-hidden=\"true\" class=\"wp-block-spacer\"><\/div>\n\n\n<h2>Bericht &#8222;Religionsfreiheit weltweit&#8220; von KIRCHE IN NOT:<\/h2>\n\n<p>Obwohl das Recht auf Religionsfreiheit seit Jahrzehnten als grundlegendes Menschenrecht international anerkannt ist, wird es in der Praxis in zahlreichen Regionen der Erde bis heute auf vielfache Weise missachtet. Millionen von Menschen erleiden noch immer Diskriminierung, Unterdr\u00fcckung und Verfolgung aufgrund ihres religi\u00f6sen Bekenntnisses.<\/p>\n\n<p>Dieses weit verbreitete Unrecht darf nicht verschwiegen werden, und es muss alles M\u00f6gliche getan werden, um es zu beseitigen. Mit diesem Bericht stellt das internationale katholische Hilfswerk KIRCHE IN NOT ein umfassendes Kompendium von L\u00e4nderberichten bereit. Es dokumentiert damit den Grad der Religionsfreiheit in 196 L\u00e4ndern der Welt.<\/p>\n\n<p>Indem wir auf die Notlage verschiedener religi\u00f6ser Minderheiten hinweisen, hoffen wir, denjenigen Trost und Unterst\u00fctzung zu bringen, die unterdr\u00fcckt werden. Wir m\u00f6chten sie im Bewusstsein lebendig halten und dadurch eine Verbesserung herbeif\u00fchren.<\/p>\n\n<p><strong>Den Bericht <\/strong>und<strong> weitere Infos <\/strong>finden Sie<br \/>auf der Webseite: <span style=\"color: #ff0000;\"><strong><a style=\"color: #ff0000;\" href=\"http:\/\/www.religionsfreiheit-weltweit.at\" target=\"_blank\" rel=\"noopener\">www.religionsfreiheit-weltweit.at<\/a><\/strong><\/span><\/p>\n\n\n\n\n<div style=\"height:31px\" aria-hidden=\"true\" class=\"wp-block-spacer\"><\/div>\n\n\n\n<h2 class=\"wp-block-heading\"><strong>Papst Franziskus \u00fcber Christenverfolgung<\/strong><\/h2>\n\n\n\n<p>&#8222;Es ist nicht erforderlich, in die Katakomben oder ins Kolosseum zu gehen, um die M\u00e4rtyrer zu finden: die M\u00e4rtyrer leben jetzt, in zahlreichen L\u00e4ndern. Die Christen werden ihres Glaubens wegen verfolgt. In einigen L\u00e4ndern ist es ihnen untersagt, ein Kreuz zu tragen: sie werden bestraft, wenn sie es doch tun. Heute, im 21. Jahrhundert, ist unsere Kirche eine Kirche der M\u00e4rtyrer.&#8220;<\/p>\n\n\n\n<p>&#8222;Die verfolgten Christen sind eine Sorge, die mir als Hirte sehr nahe geht. Ich wei\u00df sehr viel \u00fcber Verfolgungen, kann aber aus Vorsicht nicht dar\u00fcber sprechen, um niemanden vor den Kopf zu sto\u00dfen. Aber es gibt Orte, an denen es verboten ist, eine Bibel zu besitzen oder den Katechismus zu lehren oder ein Kreuz zu tragen.&#8220;<\/p>\n\n\n\n<h2 class=\"wp-block-heading\"><strong>Papst BENEDIKT XVI. \u00fcber Religionsfreiheit<\/strong><\/h2>\n\n\n\n<p>Aus der Botschaft zur Feier des Weltfriedenstages \u201e<em>Religionsfreiheit, ein Weg f\u00fcr den Frieden<\/em>\u201c,<br>1. Januar 2011<\/p>\n\n\n\n<p>\u201eWenn die Religionsfreiheit verweigert wird, wenn versucht wird zu verbieten, da\u00df man die eigene Religion oder den eigenen Glauben bekennt und ihnen gem\u00e4\u00df lebt, wird die W\u00fcrde des Menschen beleidigt, und mit ihr werden die Gerechtigkeit und der Frieden bedroht, die auf jener rechten, im Licht des h\u00f6chsten Wahren und Guten aufgebauten gesellschaftlichen Ordnung basieren.<\/p>\n\n\n\n<p><em>In diesem Sinne ist die Religionsfreiheit auch eine Errungenschaft politischer und rechtlicher Kultur.<\/em>&nbsp;Sie ist ein wesentliches Gut: Jeder Mensch mu\u00df frei das Recht wahrnehmen k\u00f6nnen, seine Religion oder seinen Glauben als einzelner oder gemeinschaftlich zu bekennen und auszudr\u00fccken, sowohl \u00f6ffentlich als auch privat, im Unterricht, in Br\u00e4uchen, in Ver\u00f6ffentlichungen, im Kult und in der Befolgung der Riten. Er d\u00fcrfte nicht auf Hindernisse sto\u00dfen, falls er sich eventuell einer anderen Religion anschlie\u00dfen oder gar keine Religion bekennen wollte. In diesem Bereich erweist sich die internationale Ordnung als bedeutungsvoll und ist ein wesentlicher Bezugspunkt f\u00fcr die Staaten, da sie keinerlei Ausnahme von der Religionsfreiheit gestattet, au\u00dfer dem legitimen Bed\u00fcrfnis der \u00f6ffentlichen Ordnung, die auf der Gerechtigkeit beruht. Auf diese Weise erkennt die internationale Ordnung den Rechten religi\u00f6ser Natur den gleichen <em>Status<\/em> zu wie dem Recht auf Leben und auf pers\u00f6nliche Freiheit, womit sie deren Zugeh\u00f6rigkeit zum <em>wesentlichen Kern<\/em> der Menschenrechte beweist, zu jenen universalen und nat\u00fcrlichen Rechten, die das menschliche Gesetz niemals verweigern darf.\u201c<\/p>\n\n\n\n<p><\/p>\n","protected":false},"excerpt":{"rendered":"<p>&#8222;Sie werden im Glauben gepr\u00fcft, wir werden in der Liebe gepr\u00fcft.&#8220;\u00a0Pater Werenfried van Straaten, Gr\u00fcnder von KIRCHE IN NOT Christ sein war noch nie so gef\u00e4hrlich wie heute. Nie zuvor sind so viele Christen diskriminiert, bedroht und verfolgt worden. Rund 220 Millionen Christen sind\u00a0betroffen und die Tendenz ist steigend. Christen verschiedener Konfessionen sind zwar nicht [&hellip;]<\/p>\n","protected":false},"author":1,"featured_media":0,"parent":0,"menu_order":0,"comment_status":"closed","ping_status":"closed","template":"","meta":{"footnotes":""},"class_list":["post-2610","page","type-page","status-publish","hentry"],"_links":{"self":[{"href":"https:\/\/www.kircheinnot.at\/christenverfolgung\/wp-json\/wp\/v2\/pages\/2610","targetHints":{"allow":["GET"]}}],"collection":[{"href":"https:\/\/www.kircheinnot.at\/christenverfolgung\/wp-json\/wp\/v2\/pages"}],"about":[{"href":"https:\/\/www.kircheinnot.at\/christenverfolgung\/wp-json\/wp\/v2\/types\/page"}],"author":[{"embeddable":true,"href":"https:\/\/www.kircheinnot.at\/christenverfolgung\/wp-json\/wp\/v2\/users\/1"}],"replies":[{"embeddable":true,"href":"https:\/\/www.kircheinnot.at\/christenverfolgung\/wp-json\/wp\/v2\/comments?post=2610"}],"version-history":[{"count":18,"href":"https:\/\/www.kircheinnot.at\/christenverfolgung\/wp-json\/wp\/v2\/pages\/2610\/revisions"}],"predecessor-version":[{"id":5368,"href":"https:\/\/www.kircheinnot.at\/christenverfolgung\/wp-json\/wp\/v2\/pages\/2610\/revisions\/5368"}],"wp:attachment":[{"href":"https:\/\/www.kircheinnot.at\/christenverfolgung\/wp-json\/wp\/v2\/media?parent=2610"}],"curies":[{"name":"wp","href":"https:\/\/api.w.org\/{rel}","templated":true}]}}