{"id":2612,"date":"2012-10-17T09:03:36","date_gmt":"2012-10-17T09:03:36","guid":{"rendered":"http:\/\/localhost\/christenverfolgung\/gebete-html\/"},"modified":"2023-01-05T15:26:47","modified_gmt":"2023-01-05T15:26:47","slug":"gebete","status":"publish","type":"page","link":"https:\/\/www.kircheinnot.at\/christenverfolgung\/gebete\/","title":{"rendered":"Gebete"},"content":{"rendered":"<p><strong><span>Gebet f\u00fcr die verfolgte Kirche<\/span><\/strong><span><br \/>\nGott, nach dem geheimnisvollen Ratschluss<br \/>\ndeiner Liebe&nbsp;<\/span>l\u00e4sst Du die Kirche teilhaben<br \/>\nam Leiden deines Sohnes.<\/p>\n<p>St\u00e4rke unsere Br\u00fcder und Schwestern,<br \/>\ndie wegen ihres Glaubens verfolgt werden.<br \/>\nGib ihnen Kraft und Geduld, damit sie<br \/>\nin ihrer Bedr\u00e4ngnis auf dich vertrauen und<br \/>\nsich als deine Zeugen bew\u00e4hren.<\/p>\n<p>Gib ihnen die Kraft, in der Nachfolge Christi<br \/>\ndas Kreuz zu tragen und auch in der Drangsal<br \/>\nihren christlichen Glauben zu bewahren.<\/p>\n<p>Amen.<br \/>\n(aus dem Gotteslob)<\/p>\n<p>&nbsp;<\/p>\n<div class=\"subheader\">\n<p><strong>Gebet f\u00fcr die verfolgten Christen<\/strong><\/p>\n<\/div>\n<div class=\"bigimage\"><span style=\"line-height: 1.538em;\">Herr, viele Christinnen und Christen werden weltweit&nbsp;<\/span><\/div>\n<div class=\"bigimage\"><span style=\"line-height: 1.538em;\">ihres Glaubens wegen bedroht und verfolgt.<br \/>\n<\/span><span style=\"line-height: 1.538em;\">Von der Liebe geleitet sind sie bereit, f\u00fcr Dich in den Tod zu gehen.<br \/>\n<\/span><span style=\"line-height: 1.538em;\">Denn Du bist die Liebe selbst. Wir bitten Dich, nimm sie auf bei Dir.<\/span><\/div>\n<div class=\"bigimage\">&nbsp;<\/div>\n<div class=\"bigimage\"><span style=\"line-height: 1.538em;\">Herr, wir vertrauen Dir auch Ihre Verfolger an:<br \/>\n<\/span><span style=\"line-height: 1.538em;\">\u00d6ffne ihr Herz f\u00fcr das Leid, das sie anderen antun.<br \/>\n<\/span><span style=\"line-height: 1.538em;\">Lass sie Dich in den Opfern ihres Handelns erkennen<br \/>\n<\/span><span style=\"line-height: 1.538em;\">und f\u00fchre sie auf den Weg der Bekehrung.<\/span><\/div>\n<div class=\"bigimage\">&nbsp;<\/div>\n<div class=\"bigimage\"><span style=\"line-height: 1.538em;\">Jungfrau Maria, mit dem Schwert im Herzen hast Du<br \/>\n<\/span><span style=\"line-height: 1.538em;\">vereint mit Jesus das B\u00f6se besiegt.<br \/>\n<\/span><span style=\"line-height: 1.538em;\">Erbitte f\u00fcr uns den Geist der St\u00e4rke, damit er uns von Angst,<br \/>\n<\/span><span style=\"line-height: 1.538em;\">Feigheit und Verzagtheit befreit, damit er unseren Glauben erneuert<br \/>\n<\/span><span style=\"line-height: 1.538em;\">und in uns den Mut weckt, in jeder Bedr\u00e4ngnis zu bekennen,<br \/>\n<\/span><span style=\"line-height: 1.538em;\">dass Christus der Herr ist.<\/span><\/div>\n<div class=\"bigimage\"><span style=\"line-height: 1.538em;\"><br \/>\nAmen.<\/span><\/div>\n<p>&nbsp;<\/p>\n<p><strong><span>Bittgebet zu Maria<\/span><\/strong><span><br \/>\nMaria, Mutter unseres Herrn,<br \/>\no Himmelspfort, o Meeresstern,<br \/>\nhilf der bedr\u00e4ngten Christenheit<br \/>\nauf ihrem Wege durch die Zeit.<\/span><\/p>\n<p>O Mutter, reich an G\u00fct\u2019 und Huld,<br \/>\nerbarme dich: wir sind in Schuld.<br \/>\nSteh du uns bei an Gottes Thron<br \/>\nund zeig uns Jesus, deinen Sohn.<\/p>\n<p><span>Amen.<\/span><\/p>\n<p>&nbsp;<\/p>\n<p><span><strong>Gebet in Solidarit\u00e4t mit bedr\u00e4ngten und<br \/>\nverfolgten Christen<\/strong><br \/>\nGeist, der das Leben weckt,<br \/>\ndu bist der Schwachen Kraft,<br \/>\ngibst ihnen Zuversicht<br \/>\nmitten in Todesnot;<br \/>\nhell wird uns offenbar,<br \/>\nwas uns der Glaube sagt:<br \/>\nChristus hat unsern Tod besiegt.<\/span><\/p>\n<p><span>Alles verwelkt im Tod,<br \/>\nStaub wird des Menschen Leib.<br \/>\nDoch wer in Christus stirbt,<br \/>\nWird mit ihm auferstehn:<br \/>\nWer sich zu ihm bekennt,<br \/>\nf\u00fcrchtet die Marter nicht,<br \/>\nwird im Tode mit Christus eins.<\/span><\/p>\n<p><span>Ihm, der als Weizenkorn<br \/>\nf\u00fcr uns zerrieben ward,<br \/>\nfolgen die J\u00fcnger nach,<br \/>\nbringen sich dar mit ihm,<br \/>\nwerden wie er zum Brot,<br \/>\nwelches das Leben n\u00e4hrt,<br \/>\nPilger st\u00e4rkt auf dem Weg zu Gott.<\/span><\/p>\n<p><span>Dich, Herr verehren wir,<br \/>\nK\u00f6nig der M\u00e4rtyrer.<br \/>\nDein ist die Herrlichkeit,<br \/>\nvon der ihr Glaube zeugt.<br \/>\nF\u00fchr uns durch deinen Geist<br \/>\nheim in des Vaters Reich,<br \/>\nwo in Ewigkeit Friede herrscht.<\/span><\/p>\n<p><span>Amen.<br \/>\n(aus dem Stundengebet der Kirche)<\/span><\/p>\n<p>&nbsp;<\/p>\n<p><strong>Wir denken an die Menschen&#8230;<\/strong><\/p>\n<p>Herr Jesus Christus,<br \/>\nwir denken an die Menschen,<br \/>\ndie f\u00fcr ihren Glauben leiden,<br \/>\ndie f\u00fcr ihre Hoffnung bedr\u00e4ngt werden,<br \/>\ndie f\u00fcr ihre Treue zu dir sterben.<\/p>\n<p>Wir danken dir,<br \/>\ndass diese Menschen uns zeigen,<br \/>\nwie wertvoll unser Glaube ist.<br \/>\nGib uns die Gnade,<br \/>\ndass ihr Zeugnis in unserem<br \/>\nLeben fruchtbar wird.<br \/>\nAmen.<\/p>\n","protected":false},"excerpt":{"rendered":"<p>Gebet f\u00fcr die verfolgte Kirche Gott, nach dem geheimnisvollen Ratschluss deiner Liebe&nbsp;l\u00e4sst Du die Kirche teilhaben am Leiden deines Sohnes. St\u00e4rke unsere Br\u00fcder und Schwestern, die wegen ihres Glaubens verfolgt werden. Gib ihnen Kraft und Geduld, damit sie in ihrer Bedr\u00e4ngnis auf dich vertrauen und sich als deine Zeugen bew\u00e4hren. Gib ihnen die Kraft, in [&hellip;]<\/p>\n","protected":false},"author":1,"featured_media":0,"parent":0,"menu_order":0,"comment_status":"closed","ping_status":"closed","template":"","meta":{"footnotes":""},"class_list":["post-2612","page","type-page","status-publish","hentry"],"_links":{"self":[{"href":"https:\/\/www.kircheinnot.at\/christenverfolgung\/wp-json\/wp\/v2\/pages\/2612","targetHints":{"allow":["GET"]}}],"collection":[{"href":"https:\/\/www.kircheinnot.at\/christenverfolgung\/wp-json\/wp\/v2\/pages"}],"about":[{"href":"https:\/\/www.kircheinnot.at\/christenverfolgung\/wp-json\/wp\/v2\/types\/page"}],"author":[{"embeddable":true,"href":"https:\/\/www.kircheinnot.at\/christenverfolgung\/wp-json\/wp\/v2\/users\/1"}],"replies":[{"embeddable":true,"href":"https:\/\/www.kircheinnot.at\/christenverfolgung\/wp-json\/wp\/v2\/comments?post=2612"}],"version-history":[{"count":1,"href":"https:\/\/www.kircheinnot.at\/christenverfolgung\/wp-json\/wp\/v2\/pages\/2612\/revisions"}],"predecessor-version":[{"id":3972,"href":"https:\/\/www.kircheinnot.at\/christenverfolgung\/wp-json\/wp\/v2\/pages\/2612\/revisions\/3972"}],"wp:attachment":[{"href":"https:\/\/www.kircheinnot.at\/christenverfolgung\/wp-json\/wp\/v2\/media?parent=2612"}],"curies":[{"name":"wp","href":"https:\/\/api.w.org\/{rel}","templated":true}]}}