{"id":2617,"date":"2014-01-22T15:01:30","date_gmt":"2014-01-22T15:01:30","guid":{"rendered":"http:\/\/localhost\/christenverfolgung\/fotoausstellung-verfolgte-christen-weltweit-html\/"},"modified":"2023-02-01T11:01:04","modified_gmt":"2023-02-01T10:01:04","slug":"fotoausstellung-verfolgte-christen-weltweit","status":"publish","type":"page","link":"https:\/\/www.kircheinnot.at\/christenverfolgung\/fotoausstellung-verfolgte-christen-weltweit\/","title":{"rendered":"Wanderausstellung \u201eVerfolgte Christen weltweit\u201c"},"content":{"rendered":"\n<h2 class=\"wp-block-heading\" style=\"font-style:normal;font-weight:100\"><strong>Auch f\u00fcr Ihre Pfarre oder Einrichtung<\/strong><\/h2>\n\n\n\n<p>Der Einsatz f\u00fcr Religionsfreiheit und die Hilfe f\u00fcr verfolgte und bedrohte Christen ist ein zentrales Anliegen von KIRCHE IN NOT. Unser Gr\u00fcnder Pater Werenfried sagte einmal: \u201eUnsere verfolgten Br\u00fcder und Schwestern sind die Elite der Kirche. Mit ihnen solidarisch zu sein ist eine Ehrensache.&#8220;<\/p>\n\n\n\n<figure class=\"wp-block-image size-large\"><img loading=\"lazy\" decoding=\"async\" width=\"1024\" height=\"442\" src=\"http:\/\/localhost\/christenverfolgung\/wp-content\/uploads\/2023\/01\/wanderausstellung-2048x0-c-default-1024x442.jpg\" alt=\"\" class=\"wp-image-4042\" srcset=\"https:\/\/www.kircheinnot.at\/christenverfolgung\/wp-content\/uploads\/2023\/01\/wanderausstellung-2048x0-c-default-1024x442.jpg 1024w, https:\/\/www.kircheinnot.at\/christenverfolgung\/wp-content\/uploads\/2023\/01\/wanderausstellung-2048x0-c-default-300x129.jpg 300w, https:\/\/www.kircheinnot.at\/christenverfolgung\/wp-content\/uploads\/2023\/01\/wanderausstellung-2048x0-c-default-768x331.jpg 768w, https:\/\/www.kircheinnot.at\/christenverfolgung\/wp-content\/uploads\/2023\/01\/wanderausstellung-2048x0-c-default-1536x662.jpg 1536w, https:\/\/www.kircheinnot.at\/christenverfolgung\/wp-content\/uploads\/2023\/01\/wanderausstellung-2048x0-c-default.jpg 2048w\" sizes=\"auto, (max-width: 1024px) 100vw, 1024px\" \/><\/figure>\n\n\n\n<div style=\"height:20px\" aria-hidden=\"true\" class=\"wp-block-spacer\"><\/div>\n\n\n\n<h2 class=\"wp-block-heading\">NEHMEN SIE DIE WANDERAUSSTELLUNG BEI SICH AUF!<\/h2>\n\n\n\n<p>Um auf die schreckliche Situation der bedrohten und verfolgten Christen in aller Welt aufmerksam zu machen, haben wir eine sehenswerte Wanderausstellung zu diesem Thema erstellt. Mehr als 200 Millionen Christen leiden unter Verfolgung, Diskriminierung und Intoleranz. Immer wieder m\u00fcssen wir feststellen, dass diese Problematik bei uns viel zu wenig wahrgenommen wird. Mit diesem kostenlosen Angebot k\u00f6nnen Sie helfen, diesem Umstand entgegenzuwirken. Geben Sie unseren verfolgten Br\u00fcdern und Schwestern eine Stimme!<\/p>\n\n\n\n<div style=\"height:20px\" aria-hidden=\"true\" class=\"wp-block-spacer\"><\/div>\n\n\n\n<h2 class=\"has-vivid-red-color has-text-color wp-block-heading\" style=\"font-style:normal;font-weight:100\"><strong>Informationen \u00fcber die Wanderausstellung<\/strong><\/h2>\n\n\n\n<p><strong>&#8211;<\/strong>&nbsp;Die Fotoausstellung besteht aus 22 ausziehbaren Bannern (Roll-Ups) mit aussagekr\u00e4ftigen Fotos.<\/p>\n\n\n\n<p><strong>&#8211;<\/strong>\u00a0Die Banner sind platzsparend und k\u00f6nnen zum Beispiel im Pfarrzentrum, einem Veranstaltungsraum oder in einer Kirche aufgestellt werden. Je nach Platzangebot k\u00f6nnen auch weniger aufgestellt werden.<\/p>\n\n\n\n<p><strong>&#8211;<\/strong>&nbsp;Das Format der Roll-Ups entspricht 85 x 220 cm.<\/p>\n\n\n\n<p><strong>&#8211;<\/strong>&nbsp;Sie ist als Wanderausstellung konzipiert und daher in ihrem Einsatz sehr flexibel. Sie kann in der Kirche, in Pfarrr\u00e4umlichkeiten oder anderen Institutionen aufgestellt werden.<\/p>\n\n\n\n<p><strong>&#8211;<\/strong>&nbsp;Wir bieten die Ausstellung kostenlos an. Sie wird von uns direkt an den Ausstellungsort geliefert, aufgebaut und am Ende abgeholt.<\/p>\n\n\n\n<p><strong>&#8211;<\/strong>&nbsp;Jeder Besucher erh\u00e4lt ein Begleitheft mit Hintergrundinformationen zu den Fotos und betroffenen L\u00e4ndern.<\/p>\n\n\n\n<p><strong>&#8211;<\/strong>&nbsp;Zus\u00e4tzlich bieten wir f\u00fcr die Begleitung durch die Ausstellung eigene Audioguides an, die den Besucher bequem durch die Ausstellung f\u00fchren.<\/p>\n\n\n\n<p><strong>&#8211;<\/strong>&nbsp;Smartphone-Besitzer k\u00f6nnen ihr eigenes Mobiltelefon als Audioguide benutzen.<\/p>\n\n\n\n<p><strong>&#8211;<\/strong>&nbsp;Auf einem optionalen B\u00fcchertisch bieten wir weitere Informationen, B\u00fccher und Brosch\u00fcren zu diesem Thema an.<\/p>\n\n\n\n<div style=\"height:20px\" aria-hidden=\"true\" class=\"wp-block-spacer\"><\/div>\n\n\n\n<h2 class=\"has-vivid-red-color has-text-color wp-block-heading\" style=\"font-style:normal;font-weight:100\"><strong>Wie fordern Sie die Ausstellung an?<\/strong><\/h2>\n\n\n\n<p><strong>&#8211;<\/strong>&nbsp;Per E-Mail oder telefonisch. Ihr Ansprechpartner daf\u00fcr ist: Hr. Mag. Christian Klyma<\/p>\n\n\n\n<p><strong>&#8211;<\/strong>&nbsp;E-Mail: kin@kircheinnot.at; Tel.: 01\/405 25 53<\/p>\n\n\n\n<p><strong>&#8211;<\/strong>&nbsp;Dieses Angebot ist kostenlos.<\/p>\n\n\n\n<p><strong>&#8211;<\/strong>&nbsp;Die Dauer der Ausstellung k\u00f6nnen Sie je nach Bedarf bestimmen. Reservieren Sie rechtzeitig!<\/p>\n\n\n\n<p><strong>&#8211;<\/strong>&nbsp;Je nach Platzangebot bestimmen Sie, wie viele Roll-Ups Sie aufstellen m\u00f6chten.<\/p>\n\n\n\n<p><strong>&#8211;<\/strong>&nbsp;Wir bieten die Ausstellung kostenlos an. Sie wird von uns direkt an den Ausstellungsort geliefert, aufgebaut und am Ende abgeholt.<\/p>\n\n\n\n<p>Diese Ausstellung m\u00f6chte nicht nur zum Nachdenken anregen, sondern sie ladet auch ganz bewusst dazu ein, f\u00fcr die verfolgten Christen zu beten.&nbsp;<strong>Geben Sie unseren verfolgten Br\u00fcdern und Schwestern eine Stimme!<\/strong><\/p>\n\n\n\n<div style=\"height:20px\" aria-hidden=\"true\" class=\"wp-block-spacer\"><\/div>\n\n\n\n<h2 class=\"has-vivid-red-color has-text-color wp-block-heading\" style=\"font-style:normal;font-weight:100\"><strong>Unsere Audioguides<\/strong><\/h2>\n\n\n\n<p>Wir bieten eigene Audioguides an, die den Besucher bequem durch die Ausstellung f\u00fchren.<\/p>\n\n\n\n<figure class=\"wp-block-image size-large\"><img loading=\"lazy\" decoding=\"async\" width=\"1024\" height=\"525\" src=\"http:\/\/localhost\/christenverfolgung\/wp-content\/uploads\/2023\/01\/audioguides-collage-1140px-1024x525.jpg\" alt=\"\" class=\"wp-image-4046\" srcset=\"https:\/\/www.kircheinnot.at\/christenverfolgung\/wp-content\/uploads\/2023\/01\/audioguides-collage-1140px-1024x525.jpg 1024w, https:\/\/www.kircheinnot.at\/christenverfolgung\/wp-content\/uploads\/2023\/01\/audioguides-collage-1140px-300x154.jpg 300w, https:\/\/www.kircheinnot.at\/christenverfolgung\/wp-content\/uploads\/2023\/01\/audioguides-collage-1140px-768x393.jpg 768w, https:\/\/www.kircheinnot.at\/christenverfolgung\/wp-content\/uploads\/2023\/01\/audioguides-collage-1140px.jpg 1140w\" sizes=\"auto, (max-width: 1024px) 100vw, 1024px\" \/><\/figure>\n\n\n\n<div style=\"height:20px\" aria-hidden=\"true\" class=\"wp-block-spacer\"><\/div>\n\n\n\n<h2 class=\"has-vivid-red-color has-text-color wp-block-heading\" style=\"font-style:normal;font-weight:100\"><strong>Gebet und mehr Infos zur Christenverfolgung<\/strong><\/h2>\n\n\n\n<p>Diese Fotoausstellung soll nicht nur zum Nachdenken anregen, sondern ladet auch ganz bewusst dazu ein, f\u00fcr die verfolgten Christen zu beten.<\/p>\n\n\n\n<div style=\"height:35px\" aria-hidden=\"true\" class=\"wp-block-spacer\"><\/div>\n\n\n\n<figure class=\"wp-block-image size-large\"><img loading=\"lazy\" decoding=\"async\" width=\"1024\" height=\"719\" src=\"http:\/\/localhost\/christenverfolgung\/wp-content\/uploads\/2023\/01\/Wanderausstellung-Banner-Collage-0x0-c-default-1024x719.jpg\" alt=\"\" class=\"wp-image-4044\" srcset=\"https:\/\/www.kircheinnot.at\/christenverfolgung\/wp-content\/uploads\/2023\/01\/Wanderausstellung-Banner-Collage-0x0-c-default-1024x719.jpg 1024w, https:\/\/www.kircheinnot.at\/christenverfolgung\/wp-content\/uploads\/2023\/01\/Wanderausstellung-Banner-Collage-0x0-c-default-300x211.jpg 300w, https:\/\/www.kircheinnot.at\/christenverfolgung\/wp-content\/uploads\/2023\/01\/Wanderausstellung-Banner-Collage-0x0-c-default-768x539.jpg 768w, https:\/\/www.kircheinnot.at\/christenverfolgung\/wp-content\/uploads\/2023\/01\/Wanderausstellung-Banner-Collage-0x0-c-default.jpg 1140w\" sizes=\"auto, (max-width: 1024px) 100vw, 1024px\" \/><\/figure>\n\n\n\n<div style=\"height:35px\" aria-hidden=\"true\" class=\"wp-block-spacer\"><\/div>\n\n\n\n<h3 class=\"wp-block-heading\">Downloads<\/h3>\n\n\n<div class=\"wp-block-file\"><a id=\"wp-block-file--media-9a10fa61-5031-4f0b-9523-87e81add7138\" href=\"\/christenverfolgung\/wp-content\/uploads\/2023\/01\/Faltblatt_Wanderausstellung.pdf\"><img loading=\"lazy\" decoding=\"async\" width=\"48\" height=\"48\" class=\"wp-image-4055\" style=\"width: 48px; margin-right: 10px; float: left;\" src=\"\/christenverfolgung\/wp-content\/uploads\/2023\/01\/download-icon.png\" alt=\"\"><strong style=\"color: #cf2e2e; font-size: 1.5em;\">Faltblatt zur Wanderausstellung \u201eVerfolgte Christen weltweit\u201c<\/strong><br>PDF&nbsp;| 303 KB<\/a><\/div>\n<div class=\"wp-block-file\"><a id=\"wp-block-file--media-f9f0646a-baa0-497c-bdbd-5560b5744131\" href=\"\/christenverfolgung\/wp-content\/uploads\/2023\/01\/Faltblatt_Wanderausstellung.pdf\"><img loading=\"lazy\" decoding=\"async\" width=\"48\" height=\"48\" class=\"wp-image-4055\" style=\"width: 48px; margin-right: 10px; float: left;\" src=\"\/christenverfolgung\/wp-content\/uploads\/2023\/01\/download-icon.png\" alt=\"\"><strong style=\"color: #cf2e2e; font-size: 1.5em;\">Plakat zur Ank\u00fcndigung der Ausstellung<\/strong><br>PDF&nbsp;| 6 MB<\/a><\/div>\n<div class=\"wp-block-file\"><a id=\"wp-block-file--media-c2cf0427-96c8-4f5f-8b65-1161564d3a12\" href=\"\/christenverfolgung\/wp-content\/uploads\/2023\/01\/Faltblatt_Wanderausstellung.pdf\"><img loading=\"lazy\" decoding=\"async\" width=\"48\" height=\"48\" class=\"wp-image-4055\" style=\"width: 48px; margin-right: 10px; float: left;\" src=\"\/christenverfolgung\/wp-content\/uploads\/2023\/01\/download-icon.png\" alt=\"\"><strong style=\"color: #cf2e2e; font-size: 1.5em;\">Begleitheft zur Wanderausstellung<\/strong><br>PDF&nbsp;| 3 MB<\/a><\/div>\n\n\n<div style=\"height:35px\" aria-hidden=\"true\" class=\"wp-block-spacer\"><\/div>\n\n\n\n<div class=\"wp-block-group alignwide wide background-gray\"><div class=\"wp-block-group__inner-container is-layout-constrained wp-block-group-is-layout-constrained\">\n<h2 class=\"wp-block-heading\">IHR ANSPRECHPARTNER<\/h2>\n\n\n\n<p>Sie m\u00f6chten die Ausstellung auch in Ihrer Pfarre, Schule oder Einrichtung zeigen? Dann setzen Sie sich mit uns in Verbindung. Gerne helfen wir Ihnen bei Fragen sowie der Planung zur Ausstellung weiter.<\/p>\n\n\n\n<div class=\"wp-block-group\"><div class=\"wp-block-group__inner-container is-layout-constrained wp-block-group-is-layout-constrained\">\n<figure class=\"wp-block-image size-thumbnail is-style-rounded float-left\"><img loading=\"lazy\" decoding=\"async\" width=\"150\" height=\"150\" src=\"\/christenverfolgung\/wp-content\/uploads\/2023\/01\/portraet-2048x0-c-default-150x150.jpg\" alt=\"\" class=\"wp-image-4078\"\/><\/figure>\n\n\n\n<p><strong>Christian Klyma<\/strong><br><span style=\"color:#777\">Referent f\u00fcr \u00d6ffentlichkeitsarbeit<\/span><\/p>\n\n\n\n<p>Tel.:&nbsp;<a href=\"tel:014052553\">01 &#8211; 405 25 53<\/a><br><a href=\"mailto:kin@kircheinnot.at\"><strong style=\"color:#CF2E2E\">Mail schreiben<\/strong><\/a><\/p>\n<\/div><\/div>\n<\/div><\/div>\n","protected":false},"excerpt":{"rendered":"<p>Auch f\u00fcr Ihre Pfarre oder Einrichtung Der Einsatz f\u00fcr Religionsfreiheit und die Hilfe f\u00fcr verfolgte und bedrohte Christen ist ein zentrales Anliegen von KIRCHE IN NOT. Unser Gr\u00fcnder Pater Werenfried sagte einmal: \u201eUnsere verfolgten Br\u00fcder und Schwestern sind die Elite der Kirche. Mit ihnen solidarisch zu sein ist eine Ehrensache.&#8220; NEHMEN SIE DIE WANDERAUSSTELLUNG BEI [&hellip;]<\/p>\n","protected":false},"author":1,"featured_media":0,"parent":0,"menu_order":0,"comment_status":"closed","ping_status":"closed","template":"","meta":{"footnotes":""},"class_list":["post-2617","page","type-page","status-publish","hentry"],"_links":{"self":[{"href":"https:\/\/www.kircheinnot.at\/christenverfolgung\/wp-json\/wp\/v2\/pages\/2617","targetHints":{"allow":["GET"]}}],"collection":[{"href":"https:\/\/www.kircheinnot.at\/christenverfolgung\/wp-json\/wp\/v2\/pages"}],"about":[{"href":"https:\/\/www.kircheinnot.at\/christenverfolgung\/wp-json\/wp\/v2\/types\/page"}],"author":[{"embeddable":true,"href":"https:\/\/www.kircheinnot.at\/christenverfolgung\/wp-json\/wp\/v2\/users\/1"}],"replies":[{"embeddable":true,"href":"https:\/\/www.kircheinnot.at\/christenverfolgung\/wp-json\/wp\/v2\/comments?post=2617"}],"version-history":[{"count":34,"href":"https:\/\/www.kircheinnot.at\/christenverfolgung\/wp-json\/wp\/v2\/pages\/2617\/revisions"}],"predecessor-version":[{"id":4157,"href":"https:\/\/www.kircheinnot.at\/christenverfolgung\/wp-json\/wp\/v2\/pages\/2617\/revisions\/4157"}],"wp:attachment":[{"href":"https:\/\/www.kircheinnot.at\/christenverfolgung\/wp-json\/wp\/v2\/media?parent=2617"}],"curies":[{"name":"wp","href":"https:\/\/api.w.org\/{rel}","templated":true}]}}